{"id":4250,"date":"2025-03-14T16:50:10","date_gmt":"2025-03-14T16:50:10","guid":{"rendered":"https:\/\/nisidaenv.eu\/?page_id=4250"},"modified":"2025-06-05T06:55:38","modified_gmt":"2025-06-05T05:55:38","slug":"nisida-technologies","status":"publish","type":"page","link":"https:\/\/nisidaenv.eu\/en\/nisida-technologies\/","title":{"rendered":"Nisida Technologies"},"content":{"rendered":"<div data-elementor-type=\"wp-page\" data-elementor-id=\"4250\" class=\"elementor elementor-4250\">\n\t\t\t\t\t\t<section class=\"elementor-section elementor-top-section elementor-element elementor-element-ec34de2 elementor-section-full_width elementor-section-height-default elementor-section-height-default wpr-particle-no wpr-jarallax-no wpr-parallax-no\" data-id=\"ec34de2\" data-element_type=\"section\" data-e-type=\"section\" data-settings=\"{&quot;background_background&quot;:&quot;slideshow&quot;,&quot;background_slideshow_gallery&quot;:[],&quot;background_slideshow_loop&quot;:&quot;yes&quot;,&quot;background_slideshow_slide_duration&quot;:5000,&quot;background_slideshow_slide_transition&quot;:&quot;fade&quot;,&quot;background_slideshow_transition_duration&quot;:500}\">\n\t\t\t\t\t\t\t<div class=\"elementor-background-overlay\"><\/div>\n\t\t\t\t\t\t\t<div class=\"elementor-container elementor-column-gap-default\">\n\t\t\t\t\t<div class=\"elementor-column elementor-col-100 elementor-top-column elementor-element elementor-element-c660363\" data-id=\"c660363\" data-element_type=\"column\" data-e-type=\"column\">\n\t\t\t<div class=\"elementor-widget-wrap elementor-element-populated\">\n\t\t\t\t\t\t<div class=\"elementor-element elementor-element-7e80bca elementor-widget elementor-widget-envolve_tk_slider_v3\" data-id=\"7e80bca\" data-element_type=\"widget\" data-e-type=\"widget\" data-widget_type=\"envolve_tk_slider_v3.default\">\n\t\t\t\t<div class=\"elementor-widget-container\">\n\t\t\t\t\t        \r\n        <!-- Banner Section  justify-content-end -->\r\n        <section class=\"banner-section style-eight\">\r\n            <div class=\"banner-carousel theme_carousel owl-theme owl-carousel\" data-options='{\"loop\": false, \"margin\": 0, \"mouseDrag\":false, \"autoheight\":true, \"lazyload\":true, \"nav\": true, \"dots\": true, \"autoplay\": true, \"autoplayTimeout\": 6000, \"smartSpeed\": 1000, \"responsive\":{ \"0\" :{ \"items\": \"1\" }, \"768\" :{ \"items\" : \"1\" } , \"1000\":{ \"items\" : \"1\" }}}'>\r\n    \t\t\t                <!-- Slide Item -->\r\n                <div class=\"slide-item\">\r\n                    <div class=\"image-layer lazy-image\" data-bg=\"url('https:\/\/nisidaenv.eu\/wp-content\/uploads\/2025\/03\/Immagine-Technologies.jpeg')\"><\/div>                    <div class=\"auto-container\">\r\n                        <div class=\"content-box\">\r\n                            <div>\r\n                                <h3>DEMETRA - INNOVATIVE ENVIRONMENTAL MONITORING SYSTEM <\/h3>\r\n                                <h2>NISIDA TECHNOLOGIES<\/h2>\r\n                                <div class=\"text\">Remote Sensing Technologies for the Environment<\/div>\r\n                                                            <\/div>\r\n                        <\/div>    \t\t\t\t\t\r\n                    <\/div>\r\n                <\/div>\r\n    \t\t\t            <\/div>\r\n        <\/section>\r\n        <!--End Banner Section -->\r\n        \r\n\t\t\t\t\t\t<\/div>\n\t\t\t\t<\/div>\n\t\t\t\t\t<\/div>\n\t\t<\/div>\n\t\t\t\t\t<\/div>\n\t\t<\/section>\n\t\t<div class=\"elementor-element elementor-element-dcd097e e-flex e-con-boxed wpr-particle-no wpr-jarallax-no wpr-parallax-no wpr-sticky-section-no e-con e-parent\" data-id=\"dcd097e\" data-element_type=\"container\" data-e-type=\"container\">\n\t\t\t\t\t<div class=\"e-con-inner\">\n\t\t<div class=\"elementor-element elementor-element-b798e18 e-con-full e-flex wpr-particle-no wpr-jarallax-no wpr-parallax-no wpr-sticky-section-no e-con e-child\" data-id=\"b798e18\" data-element_type=\"container\" data-e-type=\"container\" data-settings=\"{&quot;background_background&quot;:&quot;classic&quot;}\">\n\t\t\t\t<div class=\"elementor-element elementor-element-9a6837a elementor-widget elementor-widget-text-editor\" data-id=\"9a6837a\" data-element_type=\"widget\" data-e-type=\"widget\" data-widget_type=\"text-editor.default\">\n\t\t\t\t<div class=\"elementor-widget-container\">\n\t\t\t\t\t\t\t\t\t<p>The main objective of Nisida Environment is to accelerate the ecological transition through the development of innovative processes applied to environmental monitoring. Emission control is a key element of this path: an effective environmental legislation, in fact, is insufficient without constant field verification of its rigorous application.<\/p>\t\t\t\t\t\t\t\t<\/div>\n\t\t\t\t<\/div>\n\t\t\t\t<\/div>\n\t\t<div class=\"elementor-element elementor-element-61ea28a e-con-full e-flex wpr-particle-no wpr-jarallax-no wpr-parallax-no wpr-sticky-section-no e-con e-child\" data-id=\"61ea28a\" data-element_type=\"container\" data-e-type=\"container\" data-settings=\"{&quot;background_background&quot;:&quot;classic&quot;}\">\n\t\t\t\t<div class=\"elementor-element elementor-element-9c28205 elementor-widget elementor-widget-text-editor\" data-id=\"9c28205\" data-element_type=\"widget\" data-e-type=\"widget\" data-widget_type=\"text-editor.default\">\n\t\t\t\t<div class=\"elementor-widget-container\">\n\t\t\t\t\t\t\t\t\t<p>With significant experience in environmental permit control and monitoring of industrial discharges and water bodies, Nisida Environment has decided to invest in new technologies to support environmental monitoring. This led to the creation of Nisida Technologies Srl, a corporate spin-off dedicated to integrating digital solutions and advanced technologies into environmental monitoring services.<\/p>\t\t\t\t\t\t\t\t<\/div>\n\t\t\t\t<\/div>\n\t\t\t\t<\/div>\n\t\t\t\t\t<\/div>\n\t\t\t\t<\/div>\n\t\t<div class=\"elementor-element elementor-element-d34827c e-flex e-con-boxed wpr-particle-no wpr-jarallax-no wpr-parallax-no wpr-sticky-section-no e-con e-parent\" data-id=\"d34827c\" data-element_type=\"container\" data-e-type=\"container\">\n\t\t\t\t\t<div class=\"e-con-inner\">\n\t\t\t\t<div class=\"elementor-element elementor-element-3a9943e elementor-widget elementor-widget-heading\" data-id=\"3a9943e\" data-element_type=\"widget\" data-e-type=\"widget\" data-widget_type=\"heading.default\">\n\t\t\t\t<div class=\"elementor-widget-container\">\n\t\t\t\t\t<h2 class=\"elementor-heading-title elementor-size-default\">DEMETRA<\/h2>\t\t\t\t<\/div>\n\t\t\t\t<\/div>\n\t\t\t\t<div class=\"elementor-element elementor-element-c9c041c elementor-widget elementor-widget-text-editor\" data-id=\"c9c041c\" data-element_type=\"widget\" data-e-type=\"widget\" data-widget_type=\"text-editor.default\">\n\t\t\t\t<div class=\"elementor-widget-container\">\n\t\t\t\t\t\t\t\t\t<p style=\"text-align: center;\">A New Approach to Environmental Monitoring<\/p>\t\t\t\t\t\t\t\t<\/div>\n\t\t\t\t<\/div>\n\t\t\t\t<div class=\"elementor-element elementor-element-c8db372 elementor-widget elementor-widget-text-editor\" data-id=\"c8db372\" data-element_type=\"widget\" data-e-type=\"widget\" data-widget_type=\"text-editor.default\">\n\t\t\t\t<div class=\"elementor-widget-container\">\n\t\t\t\t\t\t\t\t\t<p style=\"text-align: left;\">Through the \"DEMETRA - Innovative Environmental Monitoring System\" project, Nisida Technologies aims to optimize the efficiency of environmental monitoring, in line with the mission of its parent company, ensuring increasingly precise and timely territorial control. The adoption of innovative tools such as remote sensing, Geographic Information Systems (GIS), and advanced data analysis will improve the quality of interventions and enable more accurate monitoring of environmental matrices.<\/p><p>Nisida Technologies supports competent authorities and management bodies in environmental monitoring and territorial control activities, providing operational support through specialized operators in the inspection of industrial facilities and the prevention of environmental offenses. The proposed methodology is based on the integration of advanced technologies, including:<\/p>\t\t\t\t\t\t\t\t<\/div>\n\t\t\t\t<\/div>\n\t\t<div class=\"elementor-element elementor-element-3ac0845 e-grid e-con-full wpr-particle-no wpr-jarallax-no wpr-parallax-no wpr-sticky-section-no e-con e-child\" data-id=\"3ac0845\" data-element_type=\"container\" data-e-type=\"container\">\n\t\t\t\t<div class=\"elementor-element elementor-element-06b6be6 wpr-flip-box-back-align-left wpr-flip-box-anim-direction-up wpr-flip-box-animation-flip wpr-flip-box-animation-3d-yes wpr-flip-box-front-align-center elementor-widget elementor-widget-wpr-flip-box\" data-id=\"06b6be6\" data-element_type=\"widget\" data-e-type=\"widget\" data-widget_type=\"wpr-flip-box.default\">\n\t\t\t\t<div class=\"elementor-widget-container\">\n\t\t\t\t\t\t\t\t\n\t\t<div class=\"wpr-flip-box\" data-trigger=\"hover\">\n\t\t\t\n\t\t\t<div class=\"wpr-flip-box-item wpr-flip-box-front wpr-anim-timing-ease-default\">\n\n\t\t\t\t<div class=\"wpr-flip-box-overlay\"><\/div>\n\n\t\t\t\t<div class=\"wpr-flip-box-content\">\n\t\t\t\t\t\n\t\t\t\t\t\t\t\t\t\t<div class=\"wpr-flip-box-image\">\n\t\t\t\t\t\t<img decoding=\"async\" alt=\"\" src=\"https:\/\/nisidaenv.eu\/wp-content\/uploads\/2025\/03\/drone-quadcopter-2.svg\" >\n\t\t\t\t\t<\/div>\n\t\t\t\t\t\t\t\t\t\t\n\t\t\t\t\t\t\t\t\t\t\t<h3 class=\"wpr-flip-box-title\">Drones and ROVs<\/h3>\n\t\t\t\t\t\n\t\t\t\t\t\t\n\n\t\t\t\t\t\t\n\n\t\t\t\t<\/div>\n\t\t\t<\/div>\n\n\t\t\t<div class=\"wpr-flip-box-item wpr-flip-box-back wpr-anim-timing-ease-default\">\n\n\t\t\t\t<div class=\"wpr-flip-box-overlay\"><\/div>\n\t\t\t\t\n\t\t\t\t<div class=\"wpr-flip-box-content\">\n\t\t\t\t\t\n\t\t\t\t\t\t\t\t\t\t<a class=\"wpr-flip-box-link\" ><\/a>\t\n\t\t\t\t\t\n\t\t\t\t\t\t\t\t\t\t\n\t\t\t\t\t\n\t\t\t\t\t\t\t\t\t\t\t<div class=\"wpr-flip-box-description\"><h5 style=\"text-align: center\">For aerial and underwater monitoring<\/h5><\/div>\t\t\t\t\t\t\n\t\t\t\t\t\t\n\n\t\t\t\t\t\t\n\n\t\t\t\t<\/div>\n\t\t\t<\/div>\n\t\t<\/div>\n\n\t\t\t\t\t\t<\/div>\n\t\t\t\t<\/div>\n\t\t\t\t<div class=\"elementor-element elementor-element-1b67744 wpr-flip-box-back-align-left wpr-flip-box-anim-direction-up wpr-flip-box-animation-flip wpr-flip-box-animation-3d-yes wpr-flip-box-front-align-center elementor-widget elementor-widget-wpr-flip-box\" data-id=\"1b67744\" data-element_type=\"widget\" data-e-type=\"widget\" data-widget_type=\"wpr-flip-box.default\">\n\t\t\t\t<div class=\"elementor-widget-container\">\n\t\t\t\t\t\t\t\t\n\t\t<div class=\"wpr-flip-box\" data-trigger=\"hover\">\n\t\t\t\n\t\t\t<div class=\"wpr-flip-box-item wpr-flip-box-front wpr-anim-timing-ease-default\">\n\n\t\t\t\t<div class=\"wpr-flip-box-overlay\"><\/div>\n\n\t\t\t\t<div class=\"wpr-flip-box-content\">\n\t\t\t\t\t\n\t\t\t\t\t\t\t\t\t\t<div class=\"wpr-flip-box-icon\">\n\t\t\t\t\t\t<i class=\"fas fa-video\"><\/i>\n\t\t\t\t\t<\/div>\n\t\t\t\t\t\t\t\t\t\t\n\t\t\t\t\t\t\t\t\t\t\t<h3 class=\"wpr-flip-box-title\">Video inspection systems<\/h3>\n\t\t\t\t\t\n\t\t\t\t\t\t\n\n\t\t\t\t\t\t\n\n\t\t\t\t<\/div>\n\t\t\t<\/div>\n\n\t\t\t<div class=\"wpr-flip-box-item wpr-flip-box-back wpr-anim-timing-ease-default\">\n\n\t\t\t\t<div class=\"wpr-flip-box-overlay\"><\/div>\n\t\t\t\t\n\t\t\t\t<div class=\"wpr-flip-box-content\">\n\t\t\t\t\t\n\t\t\t\t\t\t\t\t\t\t<a class=\"wpr-flip-box-link\" ><\/a>\t\n\t\t\t\t\t\n\t\t\t\t\t\t\t\t\t\t\n\t\t\t\t\t\n\t\t\t\t\t\t\t\t\t\t\t<div class=\"wpr-flip-box-description\"><h5 style=\"text-align: center\">For the control of industrial discharge systems and sewage networks<\/h5><\/div>\t\t\t\t\t\t\n\t\t\t\t\t\t\n\n\t\t\t\t\t\t\n\n\t\t\t\t<\/div>\n\t\t\t<\/div>\n\t\t<\/div>\n\n\t\t\t\t\t\t<\/div>\n\t\t\t\t<\/div>\n\t\t\t\t<div class=\"elementor-element elementor-element-9393391 wpr-flip-box-back-align-left wpr-flip-box-anim-direction-up wpr-flip-box-animation-flip wpr-flip-box-animation-3d-yes wpr-flip-box-front-align-center elementor-widget elementor-widget-wpr-flip-box\" data-id=\"9393391\" data-element_type=\"widget\" data-e-type=\"widget\" data-widget_type=\"wpr-flip-box.default\">\n\t\t\t\t<div class=\"elementor-widget-container\">\n\t\t\t\t\t\t\t\t\n\t\t<div class=\"wpr-flip-box\" data-trigger=\"hover\">\n\t\t\t\n\t\t\t<div class=\"wpr-flip-box-item wpr-flip-box-front wpr-anim-timing-ease-default\">\n\n\t\t\t\t<div class=\"wpr-flip-box-overlay\"><\/div>\n\n\t\t\t\t<div class=\"wpr-flip-box-content\">\n\t\t\t\t\t\n\t\t\t\t\t\t\t\t\t\t<div class=\"wpr-flip-box-icon\">\n\t\t\t\t\t\t<i class=\"fas fa-code\"><\/i>\n\t\t\t\t\t<\/div>\n\t\t\t\t\t\t\t\t\t\t\n\t\t\t\t\t\t\t\t\t\t\t<h3 class=\"wpr-flip-box-title\">Data analysis<\/h3>\n\t\t\t\t\t\n\t\t\t\t\t\t\n\n\t\t\t\t\t\t\n\n\t\t\t\t<\/div>\n\t\t\t<\/div>\n\n\t\t\t<div class=\"wpr-flip-box-item wpr-flip-box-back wpr-anim-timing-ease-default\">\n\n\t\t\t\t<div class=\"wpr-flip-box-overlay\"><\/div>\n\t\t\t\t\n\t\t\t\t<div class=\"wpr-flip-box-content\">\n\t\t\t\t\t\n\t\t\t\t\t\t\t\t\t\t<a class=\"wpr-flip-box-link\" ><\/a>\t\n\t\t\t\t\t\n\t\t\t\t\t\t\t\t\t\t\n\t\t\t\t\t\n\t\t\t\t\t\t\t\t\t\t\t<div class=\"wpr-flip-box-description\"><h5 style=\"text-align: center\">Using machine learning for advanced management of the collected information<\/h5><\/div>\t\t\t\t\t\t\n\t\t\t\t\t\t\n\n\t\t\t\t\t\t\n\n\t\t\t\t<\/div>\n\t\t\t<\/div>\n\t\t<\/div>\n\n\t\t\t\t\t\t<\/div>\n\t\t\t\t<\/div>\n\t\t\t\t<\/div>\n\t\t\t\t<div class=\"elementor-element elementor-element-52cec8f elementor-widget elementor-widget-text-editor\" data-id=\"52cec8f\" data-element_type=\"widget\" data-e-type=\"widget\" data-widget_type=\"text-editor.default\">\n\t\t\t\t<div class=\"elementor-widget-container\">\n\t\t\t\t\t\t\t\t\t<p>This innovative approach will make environmental monitoring faster and more efficient, while also allowing the integration of collected data into client information systems (industrial activity databases, GIS systems, etc.).<\/p><p style=\"text-align: left;\">The project <em>DEMETRA &#8211; INNOVATIVE ENVIRONMENTAL MONITORING SYSTEM<\/em> is co-financed by the Campania Region through the PR CAMPANIA FESR 2021-2027 - Axis I - Specific Objective 1.1 - Action 1.1.3 - Public Notice CAMPANIA STARTUP 2023 - CUP B79J23005790007.<\/p>\t\t\t\t\t\t\t\t<\/div>\n\t\t\t\t<\/div>\n\t\t\t\t\t<\/div>\n\t\t\t\t<\/div>\n\t\t<div class=\"elementor-element elementor-element-3edd078 e-flex e-con-boxed wpr-particle-no wpr-jarallax-no wpr-parallax-no wpr-sticky-section-no e-con e-parent\" data-id=\"3edd078\" data-element_type=\"container\" data-e-type=\"container\">\n\t\t\t\t\t<div class=\"e-con-inner\">\n\t\t\t\t<div class=\"elementor-element elementor-element-729fc78 elementor-widget elementor-widget-heading\" data-id=\"729fc78\" data-element_type=\"widget\" data-e-type=\"widget\" data-widget_type=\"heading.default\">\n\t\t\t\t<div class=\"elementor-widget-container\">\n\t\t\t\t\t<h2 class=\"elementor-heading-title elementor-size-default\">WITH THE SUPPORT OF<\/h2>\t\t\t\t<\/div>\n\t\t\t\t<\/div>\n\t\t<div class=\"elementor-element elementor-element-ee06b44 e-grid e-con-full wpr-particle-no wpr-jarallax-no wpr-parallax-no wpr-sticky-section-no e-con e-child\" data-id=\"ee06b44\" data-element_type=\"container\" data-e-type=\"container\">\n\t\t\t\t<div class=\"elementor-element elementor-element-3fc8b51 elementor-widget elementor-widget-image\" data-id=\"3fc8b51\" data-element_type=\"widget\" data-e-type=\"widget\" data-widget_type=\"image.default\">\n\t\t\t\t<div class=\"elementor-widget-container\">\n\t\t\t\t\t\t\t\t\t\t\t\t\t\t\t<img decoding=\"async\" src=\"https:\/\/nisidaenv.eu\/wp-content\/uploads\/elementor\/thumbs\/Emblem_of_Italy.svg-e1742913982600-r3duix2o5rsj6mdx2fpsaxbrdl6s7adrysc5wgiagk.png\" title=\"Emblem_of_Italy.svg\" alt=\"Emblem_of_Italy.svg\" loading=\"lazy\" \/>\t\t\t\t\t\t\t\t\t\t\t\t\t\t\t<\/div>\n\t\t\t\t<\/div>\n\t\t\t\t<div class=\"elementor-element elementor-element-752ebad elementor-widget elementor-widget-image\" data-id=\"752ebad\" data-element_type=\"widget\" data-e-type=\"widget\" data-widget_type=\"image.default\">\n\t\t\t\t<div class=\"elementor-widget-container\">\n\t\t\t\t\t\t\t\t\t\t\t\t\t\t\t<img decoding=\"async\" width=\"100\" height=\"100\" src=\"https:\/\/nisidaenv.eu\/wp-content\/uploads\/2025\/03\/logo_regione_rev-100x100.png\" class=\"attachment-envolve_100x100 size-envolve_100x100 wp-image-4100\" alt=\"\" srcset=\"https:\/\/nisidaenv.eu\/wp-content\/uploads\/2025\/03\/logo_regione_rev-100x100.png 100w, https:\/\/nisidaenv.eu\/wp-content\/uploads\/2025\/03\/logo_regione_rev-150x150.png 150w, https:\/\/nisidaenv.eu\/wp-content\/uploads\/2025\/03\/logo_regione_rev-70x70.png 70w, https:\/\/nisidaenv.eu\/wp-content\/uploads\/2025\/03\/logo_regione_rev-370x370.png 370w, https:\/\/nisidaenv.eu\/wp-content\/uploads\/2025\/03\/logo_regione_rev-140x140.png 140w, https:\/\/nisidaenv.eu\/wp-content\/uploads\/2025\/03\/logo_regione_rev-90x90.png 90w, https:\/\/nisidaenv.eu\/wp-content\/uploads\/2025\/03\/logo_regione_rev-170x170.png 170w, https:\/\/nisidaenv.eu\/wp-content\/uploads\/2025\/03\/logo_regione_rev-348x348.png 348w, https:\/\/nisidaenv.eu\/wp-content\/uploads\/2025\/03\/logo_regione_rev-345x340.png 345w\" sizes=\"(max-width: 100px) 100vw, 100px\" \/>\t\t\t\t\t\t\t\t\t\t\t\t\t\t\t<\/div>\n\t\t\t\t<\/div>\n\t\t\t\t<div class=\"elementor-element elementor-element-ea02e91 elementor-widget elementor-widget-image\" data-id=\"ea02e91\" data-element_type=\"widget\" data-e-type=\"widget\" data-widget_type=\"image.default\">\n\t\t\t\t<div class=\"elementor-widget-container\">\n\t\t\t\t\t\t\t\t\t\t\t\t\t\t\t<img decoding=\"async\" width=\"300\" height=\"147\" src=\"https:\/\/nisidaenv.eu\/wp-content\/uploads\/2025\/03\/fsecoesione-logo-300x147-1.png\" class=\"attachment-medium size-medium wp-image-4333\" alt=\"\" \/>\t\t\t\t\t\t\t\t\t\t\t\t\t\t\t<\/div>\n\t\t\t\t<\/div>\n\t\t\t\t<div class=\"elementor-element elementor-element-1488ebf elementor-widget elementor-widget-image\" data-id=\"1488ebf\" data-element_type=\"widget\" data-e-type=\"widget\" data-widget_type=\"image.default\">\n\t\t\t\t<div class=\"elementor-widget-container\">\n\t\t\t\t\t\t\t\t\t\t\t\t\t\t\t<img decoding=\"async\" src=\"https:\/\/nisidaenv.eu\/wp-content\/uploads\/elementor\/thumbs\/loghi-cofinanziato-dall-unione-europea-sfondo-trasparente-mobile-r3dufnkt7mki9v4a8z5nssysxjnimbk7oiaj7z864g.webp\" title=\"loghi-cofinanziato-dall-unione-europea-sfondo-trasparente-mobile\" alt=\"loghi-cofinanziato-dall-unione-europea-sfondo-trasparente-mobile\" loading=\"lazy\" \/>\t\t\t\t\t\t\t\t\t\t\t\t\t\t\t<\/div>\n\t\t\t\t<\/div>\n\t\t\t\t<\/div>\n\t\t\t\t\t<\/div>\n\t\t\t\t<\/div>\n\t\t\t\t<\/div>","protected":false},"excerpt":{"rendered":"<p>DEMETRA &#8211; INNOVATIVE ENVIRONMENTAL MONITORING SYSTEM NISIDA TECHNOLOGIES Tecnologie di Remote Sensing a servizio dell\u2019Ambiente\u200b L\u2019obiettivo principale di Nisida Environment \u00e8 accelerare la transizione ecologica attraverso lo sviluppo di processi innovativi applicati al monitoraggio ambientale. Il controllo delle emissioni rappresenta un elemento chiave di questo percorso: una legislazione ambientale efficace, infatti, risulta insufficiente senza la verifica costante sul campo di un\u2019applicazione rigorosa della stessa. Grazie a un\u2019importante esperienza nel controllo delle autorizzazioni ambientali e nel monitoraggio degli scarichi industriali e dei corpi idrici, Nisida Environment ha deciso di investire in nuove tecnologie a supporto del monitoraggio ambientale. Nasce cos\u00ec Nisida Technologies Srl, un corporate spin-off dedicato all\u2019integrazione di soluzioni digitali e tecnologie avanzate nei servizi di monitoraggio ambientale. DEMETRA Un nuovo approccio al monitoraggio ambientale L\u2019obiettivo di Nisida Technologies, attraverso il progetto &#8220;DEMETRA &#8211; Innovative Environmental Monitoring System&#8221;, \u00e8 ottimizzare l\u2019efficienza del monitoraggio ambientale, mission dell&#8217;azienda madre, garantendo un controllo del territorio sempre pi\u00f9 preciso e tempestivo. L\u2019adozione di strumenti innovativi come il telerilevamento, i sistemi Informativi territoriali e l\u2019analisi avanzata dei dati consentir\u00e0 di migliorare la qualit\u00e0 degli interventi e di ottenere un monitoraggio sempre pi\u00f9 accurato delle matrici ambientali. Nisida Technologies affianca autorit\u00e0 competenti ed enti gestori nelle attivit\u00e0 di monitoraggio ambientale e controllo del territorio, offrendo un supporto operativo tramite operatori specializzati nel controllo degli stabilimenti industriali e nella prevenzione degli illeciti ambientali. La metodologia proposta si basa sull\u2019integrazione di tecnologie avanzate, tra cui: Droni e ROV Per il monitoraggio aereo e subacqueo Sistemi di video-ispezione Per il controllo dei sistemi di scarico industriali e le reti fognarie Analisi dei dati Tramite machine learning per la gestione avanzata delle informazioni raccolte Questo approccio innovativo render\u00e0 il monitoraggio ambientale pi\u00f9 rapido ed efficiente, permettendo inoltre di integrare i dati raccolti nei sistemi informatici dei clienti (database delle attivit\u00e0 industriali, sistemi GIS, ecc.). Il progetto denominato DEMETRA &#8211; INNOVATIVE ENVIRONMENTAL MONITORING SYSTEM \u00e8 co-finananziato dalla Regione Campania tramite il PR CAMPANIA FESR 2021-2027 &#8211; Asse I &#8211; Obiettivo Specifico 1.1 \u2013 Azione 1.1.3 \u2013 Avviso pubblico CAMPANIA STARTUP 2023 &#8211; CUP B79J23005790007 CON IL SUPPORTO DI<\/p>","protected":false},"author":1,"featured_media":4179,"parent":0,"menu_order":0,"comment_status":"closed","ping_status":"closed","template":"tpl-default-elementor.php","meta":{"footnotes":""},"class_list":["post-4250","page","type-page","status-publish","has-post-thumbnail","hentry"],"_links":{"self":[{"href":"https:\/\/nisidaenv.eu\/en\/wp-json\/wp\/v2\/pages\/4250","targetHints":{"allow":["GET"]}}],"collection":[{"href":"https:\/\/nisidaenv.eu\/en\/wp-json\/wp\/v2\/pages"}],"about":[{"href":"https:\/\/nisidaenv.eu\/en\/wp-json\/wp\/v2\/types\/page"}],"author":[{"embeddable":true,"href":"https:\/\/nisidaenv.eu\/en\/wp-json\/wp\/v2\/users\/1"}],"replies":[{"embeddable":true,"href":"https:\/\/nisidaenv.eu\/en\/wp-json\/wp\/v2\/comments?post=4250"}],"version-history":[{"count":67,"href":"https:\/\/nisidaenv.eu\/en\/wp-json\/wp\/v2\/pages\/4250\/revisions"}],"predecessor-version":[{"id":4638,"href":"https:\/\/nisidaenv.eu\/en\/wp-json\/wp\/v2\/pages\/4250\/revisions\/4638"}],"wp:featuredmedia":[{"embeddable":true,"href":"https:\/\/nisidaenv.eu\/en\/wp-json\/wp\/v2\/media\/4179"}],"wp:attachment":[{"href":"https:\/\/nisidaenv.eu\/en\/wp-json\/wp\/v2\/media?parent=4250"}],"curies":[{"name":"wp","href":"https:\/\/api.w.org\/{rel}","templated":true}]}}